{"id":7243,"date":"2023-11-01T10:25:47","date_gmt":"2023-11-01T10:25:47","guid":{"rendered":"https:\/\/girofin.com\/ochrona-danych\/"},"modified":"2025-10-07T10:11:10","modified_gmt":"2025-10-07T10:11:10","slug":"polityka-prywatnosci","status":"publish","type":"page","link":"https:\/\/girofin.com\/pl\/polityka-prywatnosci\/","title":{"rendered":"Polityka prywatno\u015bci"},"content":{"rendered":"\t\t<div data-elementor-type=\"wp-page\" data-elementor-id=\"7243\" class=\"elementor elementor-7243 elementor-3\" data-elementor-post-type=\"page\">\n\t\t\t\t<div class=\"elementor-element elementor-element-135c95dc e-flex e-con-boxed e-con e-parent\" data-id=\"135c95dc\" data-element_type=\"container\" data-e-type=\"container\">\n\t\t\t\t\t<div class=\"e-con-inner\">\n\t\t\t\t<div class=\"elementor-element elementor-element-5fe4eca elementor-widget elementor-widget-heading\" data-id=\"5fe4eca\" data-element_type=\"widget\" data-e-type=\"widget\" data-widget_type=\"heading.default\">\n\t\t\t\t<div class=\"elementor-widget-container\">\n\t\t\t\t\t<h1 class=\"elementor-heading-title elementor-size-default\">Polityka prywatno\u015bci<\/h1>\t\t\t\t<\/div>\n\t\t\t\t<\/div>\n\t\t\t\t<div class=\"elementor-element elementor-element-62182895 elementor-widget elementor-widget-text-editor\" data-id=\"62182895\" data-element_type=\"widget\" data-e-type=\"widget\" data-widget_type=\"text-editor.default\">\n\t\t\t\t<div class=\"elementor-widget-container\">\n\t\t\t\t\t\t\t\t\t<p><\/p>\n<h2>1. og\u00f3lne informacje o przetwarzaniu danych<\/h2>\n<p><\/p>\n<p>Jurij Sch\u00f6nmeier udost\u0119pnia wy\u0142\u0105cznie domen\u0119 \u201egirofin.com\u201d i umo\u017cliwia innym prawnie niezale\u017cnym firmom oferowanie tam swoich produkt\u00f3w i us\u0142ug w spos\u00f3b prawnie niezale\u017cny. Nie ponosi jednak odpowiedzialno\u015bci za tre\u015b\u0107 i zakres tych us\u0142ug na odpowiednich podstronach lub subdomenach, ale raczej za wymienione tam prawnie niezale\u017cne firmy. <\/p>\n<p><\/p>\n<p>Przetwarzamy dane osobowe naszych u\u017cytkownik\u00f3w wy\u0142\u0105cznie w zakresie niezb\u0119dnym do zapewnienia funkcjonalnej strony internetowej oraz naszych tre\u015bci i us\u0142ug. Przetwarzanie danych osobowych naszych u\u017cytkownik\u00f3w odbywa si\u0119 regularnie wy\u0142\u0105cznie za zgod\u0105 u\u017cytkownika. Wyj\u0105tek stanowi\u0105 przypadki, w kt\u00f3rych nie mo\u017cna uzyska\u0107 uprzedniej zgody z przyczyn faktycznych, a przetwarzanie danych jest dozwolone przez prawo.  <\/p>\n<p><\/p>\n<h3>2.1 Cel przetwarzania i podstawa prawna<\/h3>\n<p><\/p>\n<p>Gdy odwiedzasz nasze strony internetowe, automatycznie rejestrujemy r\u00f3\u017cne informacje w odpowiednich plikach dziennika serwera. Obejmuje to na przyk\u0142ad typ i numer wersji przegl\u0105darki internetowej, system operacyjny, z kt\u00f3rego korzystasz, informacje o dostawcy Internetu, z kt\u00f3rego korzystasz, adres IP, dat\u0119 i godzin\u0119 dost\u0119pu oraz inne podobne informacje. Informacje te s\u0105 generowane przez system, gdy korzystasz z Internetu i dlatego s\u0105 technicznie niezb\u0119dne do zapewnienia p\u0142ynnego, bezawaryjnego i bezpiecznego dzia\u0142ania strony internetowej. Pliki dziennika zawieraj\u0105 adresy IP lub inne dane umo\u017cliwiaj\u0105ce identyfikacj\u0119 u\u017cytkownika. Dane te nie s\u0105 przechowywane razem z innymi danymi osobowymi u\u017cytkownika. Po up\u0142ywie 7 dni te dzienniki serwera, kt\u00f3re s\u0105 przechowywane \u015bci\u015ble oddzielnie od innych danych, s\u0105 trwale usuwane.     <\/p>\n<p><\/p>\n<p>Podstawa prawna tymczasowego przechowywania danych i plik\u00f3w dziennika jest niezb\u0119dna do zabezpieczenia uzasadnionego interesu naszej firmy lub strony trzeciej, a tym samym przewa\u017ca nad interesami, podstawowymi prawami i wolno\u015bciami osoby, kt\u00f3rej dane dotycz\u0105; dlatego art. 6 ust. 1 lit. f RODO s\u0142u\u017cy jako podstawa prawna przetwarzania.  <\/p>\n<p><\/p>\n<p>Jednocze\u015bnie uzyskane w ten spos\u00f3b dane s\u0105 wykorzystywane mi\u0119dzy innymi do ocen statystycznych dotycz\u0105cych optymalizacji i bezpiecze\u0144stwa naszej strony internetowej. R\u00f3wnie\u017c w tym przypadku nasza firma ma uzasadniony interes, a interesy, podstawowe prawa i wolno\u015bci osoby, kt\u00f3rej dane dotycz\u0105, nie przewa\u017caj\u0105 nad tym pierwszym interesem. Art. 6 ust. 1 lit. f RODO s\u0142u\u017cy zatem jako podstawa prawna tego przetwarzania.    <\/p>\n<p><\/p>\n<h3>2.2 Mo\u017cliwo\u015b\u0107 sprzeciwu<\/h3>\n<p><\/p>\n<p>Gromadzenie danych w celu udost\u0119pnienia strony internetowej i przechowywanie danych w plikach dziennika jest absolutnie niezb\u0119dne do dzia\u0142ania strony internetowej. W zwi\u0105zku z tym u\u017cytkownik nie ma mo\u017cliwo\u015bci wyra\u017cenia sprzeciwu. <\/p>\n<p><\/p>\n<h2>3. pliki cookie<\/h2>\n<p><\/p>\n<p>W celu ci\u0105g\u0142ego ulepszania oferty dla naszych u\u017cytkownik\u00f3w i zwracania si\u0119 do klient\u00f3w w oparciu o ich zainteresowania, dostawcy zewn\u0119trzni i my mo\u017cemy korzysta\u0107 z technologii \u015bledzenia, kt\u00f3re wykorzystuj\u0105 pliki cookie. Pliki cookie to zazwyczaj ma\u0142e pliki tekstowe, kt\u00f3re serwer internetowy przesy\u0142a do Twojego urz\u0105dzenia, gdy uzyskujesz dost\u0119p do strony internetowej. Inne procesy techniczne, kt\u00f3re zachowuj\u0105 si\u0119 jak pliki cookie, s\u0105 r\u00f3wnie\u017c r\u00f3wnowa\u017cne plikom cookie; wszystkie poni\u017csze wyja\u015bnienia maj\u0105 zatem zastosowanie r\u00f3wnie\u017c do tych technologii, niezale\u017cnie od konkretnej nazwy.  <\/p>\n<p><\/p>\n<p>\u201eSesyjne pliki cookie\u201d nie s\u0105 przechowywane na sta\u0142e na urz\u0105dzeniu, z kt\u00f3rego korzystasz do odwiedzenia naszej strony internetowej i znikaj\u0105 po zamkni\u0119ciu przegl\u0105darki. Te pliki cookie mog\u0105 zawiera\u0107 informacje o u\u017cywanej przegl\u0105darce, rozdzielczo\u015bci ekranu, u\u017cywanym systemie operacyjnym i inne spersonalizowane informacje. Te pliki cookie mog\u0105 by\u0107 zatem r\u00f3wnie\u017c wykorzystywane w celu u\u0142atwienia Ci poruszania si\u0119 po naszej stronie internetowej i\/lub zapewnienia prawid\u0142owego wy\u015bwietlania na odpowiedniej stronie internetowej.  <\/p>\n<p><\/p>\n<p>Z drugiej strony \u201etrwa\u0142e pliki cookie\u201d lub \u201esta\u0142e pliki cookie\u201d przechowuj\u0105 anonimowe informacje na danym urz\u0105dzeniu i pozostaj\u0105 dost\u0119pne nawet po zamkni\u0119ciu przegl\u0105darki. Ka\u017cdy z tych plik\u00f3w cookie ma odpowiedni\u0105 dat\u0119 \u201ewyga\u015bni\u0119cia\u201d \/ wa\u017cno\u015bci, po kt\u00f3rej plik cookie jest automatycznie usuwany. Celem korzystania z tych plik\u00f3w cookie jest mi\u0119dzy innymi tworzenie anonimowych statystyk dotycz\u0105cych korzystania z naszej strony internetowej. Statystyki te mog\u0105 by\u0107 wykorzystywane mi\u0119dzy innymi do identyfikacji obszar\u00f3w, w kt\u00f3rych musimy zoptymalizowa\u0107 nasze strony internetowe, aby u\u0142atwi\u0107 Ci korzystanie z nich. Oba rodzaje plik\u00f3w cookie s\u0105 anonimowe.    <\/p>\n<p><\/p>\n<p>Nie jest tworzony \u017caden indywidualny profil Twoich zachowa\u0144 zwi\u0105zanych z u\u017cytkowaniem. Oczywi\u015bcie mo\u017cesz r\u00f3wnie\u017c korzysta\u0107 z naszej witryny bez plik\u00f3w cookie, wy\u0142\u0105czaj\u0105c je w przegl\u0105darce. Zapoznaj si\u0119 z odpowiednimi stronami pomocy dla poszczeg\u00f3lnych przegl\u0105darek (patrz poni\u017cej), aby dowiedzie\u0107 si\u0119, jak dezaktywowa\u0107 pliki cookie. Pami\u0119taj, \u017ce dezaktywacja plik\u00f3w cookie mo\u017ce spowodowa\u0107 problemy z wy\u015bwietlaniem i nawigacj\u0105.   <\/p>\n<p><\/p>\n<p>Wa\u017cne dla Ciebie: Dane gromadzone przez nas w plikach cookie nie b\u0119d\u0105 przekazywane stronom trzecim ani \u0142\u0105czone z Twoimi danymi osobowymi bez Twojej zgody. Nie jest r\u00f3wnie\u017c mo\u017cliwe ani zamierzone, aby dostawcy zewn\u0119trzni identyfikowali Ci\u0119 osobi\u015bcie za pomoc\u0105 danych zebranych w plikach cookie. <\/p>\n<p>U\u017cywamy narz\u0119dzia zgody \u201eReal Cookie Banner\u201d do zarz\u0105dzania plikami cookie i podobnymi technologiami (piksele \u015bledz\u0105ce, sygna\u0142y nawigacyjne itp.) oraz powi\u0105zanymi zgodami. Szczeg\u00f3\u0142owe informacje na temat dzia\u0142ania \u201eReal Cookie Banner\u201d mo\u017cna znale\u017a\u0107 na stronie https:\/\/devowl.io\/de\/rcb\/datenverarbeitung. <\/p>\n<p>Podstaw\u0105 prawn\u0105 przetwarzania danych osobowych w tym kontek\u015bcie jest art. 6 ust. 1 lit. c RODO i art. 6 ust. 1 lit. f RODO. Naszym uzasadnionym interesem jest zarz\u0105dzanie plikami cookie i podobnymi wykorzystywanymi technologiami oraz zwi\u0105zanymi z nimi zgodami.     <\/p>\n<p>Podanie danych osobowych nie jest wymagane umow\u0105 ani konieczne do zawarcia umowy. Nie jeste\u015b zobowi\u0105zany do podania danych osobowych. Je\u015bli nie podasz danych osobowych, nie b\u0119dziemy mogli zarz\u0105dza\u0107 Twoimi zgodami.  <\/p>\n<p><\/p>\n<h2>4. technologie \u015bledzenia<\/h2>\n<p><\/p>\n<h3>4.1 Informacje og\u00f3lne<\/h3>\n<p><\/p>\n<p>U\u017cywamy plik\u00f3w cookie wy\u0142\u0105cznie do mierzenia sukcesu naszych internetowych kampanii reklamowych. Nie stosujemy \u017cadnych innych technologii \u015bledzenia. Podstaw\u0105 prawn\u0105 przetwarzania danych osobowych u\u017cytkownik\u00f3w jest art. 6 ust. 1 lit. f RODO.    <\/p>\n<p><\/p>\n<h3>4.2 Google Analytics<\/h3>\n<p><\/p>\n<p>Je\u015bli wyrazi\u0142e\u015b na to zgod\u0119, na tej stronie internetowej u\u017cywana jest Google Analytics w wersji 360 &#8211; p\u0142atna us\u0142uga analityki internetowej \u015bwiadczona przez Google LLC z siedzib\u0105 w Kalifornii w USA (\u201eGoogle US\u201d). W\u0142a\u015bciwym i tym samym odpowiedzialnym dostawc\u0105 us\u0142ug w UE jest Google Ireland Limited, Gordon House, Barrow Street, Dublin 4, Irlandia (\u201eGoogle Ireland\u201d). Z Google Ireland zosta\u0142a zawarta umowa o przetwarzanie zam\u00f3wie\u0144 (\u201eAVV\u201d), w kt\u00f3rej Google Ireland dzia\u0142a jako wykonawca.  <\/p>\n<p><\/p>\n<p>Mo\u017cesz znale\u017a\u0107 wi\u0119cej informacji na temat warunk\u00f3w korzystania z Google Analytics 360, kt\u00f3ra jest p\u0142atn\u0105 wersj\u0105 \u201ebezp\u0142atnej\u201d us\u0142ugi analizy internetowej Google Analytics, oraz na temat ochrony danych w Google Ireland i Google US pod adresem <a href=\"https:\/\/marketingplatform.google.com\/about\/analytics\/terms\/de\/\" target=\"_blank\" rel=\"noreferrer noopener nofollow\">https:\/\/marketingplatform.google.com\/about\/analytics\/terms\/de\/<\/a> i <a href=\"https:\/\/policies.google.com\/?hl=de\" target=\"_blank\" rel=\"noreferrer noopener nofollow\">https:\/\/policies.google.com\/?hl=de<\/a>.<\/p>\n<p><\/p>\n<h4>Zakres przetwarzania<\/h4>\n<p><\/p>\n<p>Google Analytics 360 wykorzystuje pliki cookie, kt\u00f3re umo\u017cliwiaj\u0105 nam analiz\u0119 korzystania z naszej witryny. Informacje zebrane przez pliki cookie na temat Twojego korzystania z tej witryny s\u0105 zazwyczaj przesy\u0142ane na serwer Google w Irlandii, ale tak\u017ce w USA, gdzie s\u0105 przechowywane. <\/p>\n<p><\/p>\n<p>Korzystamy z funkcji \u201eanonymiseIP\u201d (tzw. maskowanie IP). Ze wzgl\u0119du na aktywacj\u0119 anonimizacji IP na tej stronie, Tw\u00f3j adres IP zostanie skr\u00f3cony przez Google Ireland w pa\u0144stwach cz\u0142onkowskich Unii Europejskiej lub w innych umawiaj\u0105cych si\u0119 pa\u0144stwach Porozumienia o Europejskim Obszarze Gospodarczym. Tylko w wyj\u0105tkowych przypadkach pe\u0142ny adres IP zostanie przes\u0142any przez Google Ireland na serwer w USA i tam skr\u00f3cony. Adres IP przes\u0142any przez Twoj\u0105 przegl\u0105dark\u0119 w ramach Google Analytics 360 nie zostanie po\u0142\u0105czony z innymi danymi z Google Ireland lub Google US.   <\/p>\n<p><\/p>\n<h4>Cele przetwarzania danych<\/h4>\n<p><\/p>\n<p>W imieniu operatora tej witryny Google Ireland wykorzysta te informacje do analizy korzystania z witryny przez u\u017cytkownika (pod pseudonimem) oraz do sporz\u0105dzania raport\u00f3w dotycz\u0105cych aktywno\u015bci w witrynie. Raporty dostarczane przez Google Analytics 360 s\u0105 wykorzystywane do analizy wydajno\u015bci naszej strony internetowej i sukcesu naszych kampanii marketingowych. <\/p>\n<p><\/p>\n<h4>Odbiornik<\/h4>\n<p><\/p>\n<p>Odbiorc\u0105 danych jest Google Ireland jako wykonawca na podstawie zawartej umowy o przetwarzanie zam\u00f3wie\u0144. W tym kontek\u015bcie Google US dzia\u0142a wy\u0142\u0105cznie jako \u201epoddostawca us\u0142ug\u201d dla Google Ireland. W zwi\u0105zku z tym, ze wzgl\u0119du na obecn\u0105 sytuacj\u0119 prawn\u0105 w USA, nie mo\u017cna wykluczy\u0107, \u017ce dane przechowywane przez Google US mog\u0105 by\u0107 dost\u0119pne dla odpowiednich w\u0142adz USA. Ponadto, niestety, ze wzgl\u0119du na obecn\u0105 sytuacj\u0119 prawn\u0105 w USA, nie mo\u017cna nawet wykluczy\u0107, \u017ce odpowiednie organy USA mog\u0105 nawet uzyska\u0107 dost\u0119p do danych przechowywanych przez Google Ireland wy\u0142\u0105cznie w Europie.   <\/p>\n<p><\/p>\n<h4>Transfer do kraj\u00f3w trzecich<\/h4>\n<p><\/p>\n<p>Nie mo\u017cna wykluczy\u0107 transferu danych do USA.<\/p>\n<p><\/p>\n<h4>Zapobieganie przechowywaniu danych<\/h4>\n<p><\/p>\n<p>Mo\u017cesz r\u00f3wnie\u017c uniemo\u017cliwi\u0107 Google gromadzenie danych generowanych przez pliki cookie i zwi\u0105zanych z korzystaniem z witryny (w tym adresu IP) oraz zwi\u0105zane z tym przetwarzanie tych danych przez Google Ireland poprzez<br>a. Nie wyra\u017caj\u0105c zgody na ustawienie plik\u00f3w cookie i\/lub<br>b. Pobieraj\u0105c i instaluj\u0105c dodatek do przegl\u0105darki w celu dezaktywacji Google Analytics.<\/p>\n<p><\/p>\n<p>Mo\u017cesz r\u00f3wnie\u017c zapobiec przechowywaniu plik\u00f3w cookie, odpowiednio konfiguruj\u0105c oprogramowanie przegl\u0105darki. Je\u015bli jednak skonfigurujesz przegl\u0105dark\u0119 tak, aby odrzuca\u0142a wszystkie pliki cookie, mo\u017ce to ograniczy\u0107 funkcjonalno\u015b\u0107 tej i innych stron internetowych. <\/p>\n<p><\/p>\n<h4>Podstawa prawna i mo\u017cliwo\u015b\u0107 anulowania<\/h4>\n<p><\/p>\n<p>Podstaw\u0105 prawn\u0105 przetwarzania danych jest Twoja zgoda, art. 6 ust. 1 zdanie 1 lit. a) RODO. Mo\u017cesz wycofa\u0107 swoj\u0105 zgod\u0119 w dowolnym momencie ze skutkiem na przysz\u0142o\u015b\u0107, uzyskuj\u0105c dost\u0119p do naszej polityki plik\u00f3w cookie i zmieniaj\u0105c tam sw\u00f3j wyb\u00f3r.    <\/p>\n<p><\/p>\n<h3>4.3 \u015aledzenie konwersji Google Adwords<\/h3>\n<p><\/p>\n<p>Ta strona internetowa korzysta z Google Conversion Tracking, us\u0142ugi analitycznej obs\u0142ugiwanej przez Google Inc. (1600 Amphitheatre Parkway, Mountain View, CA 94043, USA; zwanej dalej \u201eGoogle\u201d). Je\u015bli trafisz na nasz\u0105 stron\u0119 internetow\u0105 za po\u015brednictwem reklamy Google, tak zwany \u201eplik cookie konwersji\u201d jest automatycznie ustawiany przez Google Adwords, a nie przez nas. Ten plik cookie automatycznie traci wa\u017cno\u015b\u0107 po 30 dniach i nie jest wykorzystywany do osobistej identyfikacji u\u017cytkownika. Ka\u017cdy klient Adwords, a zatem r\u00f3wnie\u017c my, otrzymuje od Google inny plik cookie. Oznacza to, \u017ce pliki cookie nie mog\u0105 by\u0107 \u015bledzone na stronach internetowych r\u00f3\u017cnych klient\u00f3w Adwords.     <\/p>\n<p><\/p>\n<p>Ustawiaj\u0105c ten \u201eplik cookie konwersji\u201d, zar\u00f3wno Google, jak i odpowiedni klient Adwords, a zatem tak\u017ce my, mog\u0105 po pierwsze rozpozna\u0107, \u017ce kto\u015b klikn\u0105\u0142 dan\u0105 reklam\u0119 i dlatego zosta\u0142 przekierowany na stron\u0119 z tagiem \u015bledzenia konwersji, a po drugie, jak cz\u0119sto ponownie klikn\u0105\u0142 dan\u0105 reklam\u0119 w ci\u0105gu 30 dni. Informacje zebrane za pomoc\u0105 \u201epliku cookie konwersji\u201d s\u0105 wykorzystywane do tworzenia statystyk konwersji przez Google. <\/p>\n<p><\/p>\n<p>Wa\u017cne dla Ciebie: poznajemy tylko ca\u0142kowit\u0105 liczb\u0119 i cz\u0119stotliwo\u015b\u0107 u\u017cytkownik\u00f3w, kt\u00f3rzy klikn\u0119li dan\u0105 reklam\u0119 i zostali przekierowani na stron\u0119 internetow\u0105 z tagiem \u015bledzenia konwersji. Nie otrzymujemy jednak \u017cadnych informacji, dzi\u0119ki kt\u00f3rym mogliby\u015bmy zidentyfikowa\u0107 Ci\u0119 jako u\u017cytkownika. <\/p>\n<p><\/p>\n<p>Je\u015bli nie chcesz uczestniczy\u0107 w procesie \u015bledzenia, mo\u017cesz odm\u00f3wi\u0107 ustawienia wymaganego do tego pliku cookie &#8211; na przyk\u0142ad za pomoc\u0105 ustawienia przegl\u0105darki, kt\u00f3re generalnie dezaktywuje automatyczne ustawianie plik\u00f3w cookie. Pami\u0119taj, \u017ce ca\u0142kowita dezaktywacja ustawie\u0144 plik\u00f3w cookie mo\u017ce spowodowa\u0107, \u017ce strona internetowa nie b\u0119dzie wy\u015bwietlana poprawnie. Mo\u017cesz r\u00f3wnie\u017c dezaktywowa\u0107 ustawienia plik\u00f3w cookie do \u015bledzenia konwersji, ustawiaj\u0105c przegl\u0105dark\u0119 tak, aby blokowa\u0142a pliki cookie z domeny \u201ewww.googleadservices.com\u201d. Alternatywnie mo\u017cesz wy\u0142\u0105czy\u0107 lub uniemo\u017cliwi\u0107 korzystanie z tej technologii oferowanej przez Google, odwiedzaj\u0105c nast\u0119puj\u0105c\u0105 stron\u0119 i czytaj\u0105c, jak jest to mo\u017cliwe:   <br><a href=\"https:\/\/www.youronlinechoices.com\/de\/praferenzmanagement\/\" target=\"_blank\" rel=\"noreferrer noopener nofollow\">https:\/\/www.youronlinechoices.com\/de\/praferenzmanagement\/<\/a><\/p>\n<p><\/p>\n<p>W ramach dobrowolnego zobowi\u0105zania i polityki ochrony danych Google zadeklarowa\u0142o, \u017ce b\u0119dzie przestrzega\u0107 opisanej tam procedury. Pami\u0119taj, \u017ce nie mo\u017cesz usun\u0105\u0107 plik\u00f3w cookie opt-out ustawionych w ten spos\u00f3b, o ile nie chcesz, aby jakiekolwiek dane pomiarowe by\u0142y rejestrowane. Je\u015bli usun\u0105\u0142e\u015b wszystkie pliki cookie w przegl\u0105darce, musisz ponownie ustawi\u0107 odpowiedni plik cookie rezygnacji za po\u015brednictwem wy\u017cej wymienionego linku.  <\/p>\n<p><\/p>\n<p>Wi\u0119cej informacji na temat wytycznych dotycz\u0105cych u\u017cytkowania i ochrony danych dla tego produktu mo\u017cna znale\u017a\u0107 tutaj: <a href=\"http:\/\/www.google.com\/policies\/technologies\/ads\/\" target=\"_blank\" rel=\"noreferrer noopener nofollow\">http:\/\/www.google.com\/policies\/technologies\/ads\/<\/a> i <a href=\"http:\/\/www.google.com\/intl\/de\/policies\/privacy\/\" target=\"_blank\" rel=\"noreferrer noopener nofollow\">http:\/\/www.google.com\/intl\/de\/policies\/privacy\/<\/a>.<\/p>\n<p><\/p>\n<h4>4.4 Bing Ads &#8211; uniwersalne \u015bledzenie zdarze\u0144<\/h4>\n<p><\/p>\n<p>Ta witryna korzysta z us\u0142ugi Bing Ads Universal Event Tracking, us\u0142ugi \u015bledzenia konwersji \u015bwiadczonej przez Microsoft (Microsoft Corporation, One Microsoft Way, Redmond, WA 98052-6399, USA). Us\u0142uga ta umo\u017cliwia nam \u015bledzenie aktywno\u015bci na naszej stronie internetowej, je\u015bli trafisz na ni\u0105 za po\u015brednictwem reklamy Bing. Odbywa si\u0119 to poprzez umieszczenie pliku cookie (ma\u0142ego pliku tekstowego) na Twoim urz\u0105dzeniu, gdy klikniesz reklam\u0119 Microsoft Bing Ads. W szczeg\u00f3lno\u015bci Microsoft i my poznajemy ca\u0142kowit\u0105 liczb\u0119 u\u017cytkownik\u00f3w, kt\u00f3rzy klikn\u0119li reklam\u0119 i dotarli do wcze\u015bniej zdefiniowanej strony docelowej. Dane te s\u0105 przechowywane przez Microsoft przez 180 dni. \u017badne dane osobowe dotycz\u0105ce to\u017csamo\u015bci u\u017cytkownika nie s\u0105 ujawniane. Je\u015bli nie chcesz uczestniczy\u0107 w procesie Universal Event Tracking, mo\u017cesz zapobiec gromadzeniu i przetwarzaniu danych generowanych przez plik cookie zwi\u0105zanych z korzystaniem z witryny, na przyk\u0142ad odrzucaj\u0105c ustawienia plik\u00f3w cookie w ustawieniach przegl\u0105darki. Mo\u017cesz r\u00f3wnie\u017c zrezygnowa\u0107 z otrzymywania od Microsoft reklam opartych na zainteresowaniach, klikaj\u0105c poni\u017cszy link:       <br>https:\/\/go.microsoft.com\/fwlink\/?LinkID=286759<br>Mo\u017cesz r\u00f3wnie\u017c zrezygnowa\u0107 z otrzymywania reklam opartych na zainteresowaniach od firmy Microsoft i innych uczestnicz\u0105cych firm na nast\u0119puj\u0105cej stronie:&nbsp;<a href=\"http:\/\/www.youronlinechoices.com\/de\/\" target=\"_blank\" rel=\"noreferrer noopener nofollow\">http:\/\/www.youronlinechoices.com\/de\/<\/a><\/p>\n<p><\/p>\n<p>Wi\u0119cej informacji na temat wytycznych dotycz\u0105cych u\u017cytkowania i ochrony danych dla tego produktu mo\u017cna znale\u017a\u0107 tutaj: <a href=\"https:\/\/privacy.microsoft.com\/de-DE\/privacystatement\/\" target=\"_blank\" rel=\"noreferrer noopener nofollow\">https:\/\/privacy.microsoft.com\/de-DE\/privacystatement\/<\/a>.<\/p>\n<p><\/p>\n<h2>5. wtyczki spo\u0142eczno\u015bciowe<\/h2>\n<p><\/p>\n<p>Przyciski spo\u0142eczno\u015bciowe wy\u015bwietlane w chronionej formie na stronie g\u0142\u00f3wnej \u201egirofin.com\u201d s\u0142u\u017c\u0105 jedynie jako statyczne linki do naszych stron \/ us\u0142ug tam obs\u0142ugiwanych, a zatem nie stanowi\u0105 bezpo\u015bredniej integracji odpowiednich dostawc\u00f3w wtyczek.<\/p>\n<p><\/p>\n<h2>6 Prawa os\u00f3b, kt\u00f3rych dane dotycz\u0105<\/h2>\n<p><\/p>\n<p>Ka\u017cda osoba, kt\u00f3rej dane dotycz\u0105, ma prawo dost\u0119pu zgodnie z art. 15 RODO, prawo do sprostowania zgodnie z art. 16 RODO, prawo do usuni\u0119cia zgodnie z art. 17 RODO, prawo do ograniczenia przetwarzania zgodnie z art. 18 RODO, prawo do sprzeciwu zgodnie z art. 21 RODO oraz prawo do przenoszenia danych zgodnie z art. 20 RODO. Ograniczenia wynikaj\u0105ce z sekcji 34 i 35 BDSG maj\u0105 zastosowanie do prawa do informacji i prawa do usuni\u0119cia danych. Ponadto istnieje prawo do odwo\u0142ania si\u0119 do w\u0142a\u015bciwego organu nadzorczego ds. ochrony danych (Bawarski Krajowy Urz\u0105d Nadzoru Ochrony Danych, P.O. Box 606, 91511 Ansbach, e-mail:  &nbsp;poststelle@lda.bayern.de <a href=\"mailto:%20poststelle@lda.bayern.de\" target=\"_blank\" rel=\"noreferrer noopener\">,<\/a> &nbsp;<a href=\"https:\/\/www.lda.bayern.de\/\" target=\"_blank\" rel=\"noreferrer noopener nofollow\">https:\/\/www.lda.bayern.de)<\/a><\/p>\n<p><\/p>\n<p>Mo\u017cesz wycofa\u0107 swoj\u0105 zgod\u0119 na przetwarzanie danych osobowych w dowolnym momencie. Dotyczy to r\u00f3wnie\u017c cofni\u0119cia o\u015bwiadcze\u0144 o wyra\u017ceniu zgody udzielonych nam przed wej\u015bciem w \u017cycie RODO, tj. przed 25 maja 2018 r. Pami\u0119taj, \u017ce odwo\u0142anie jest skuteczne tylko na przysz\u0142o\u015b\u0107. Nie ma to wp\u0142ywu na przetwarzanie, kt\u00f3re mia\u0142o miejsce przed cofni\u0119ciem zgody.   <\/p>\n<p><\/p>\t\t\t\t\t\t\t\t<\/div>\n\t\t\t\t<\/div>\n\t\t\t\t\t<\/div>\n\t\t\t\t<\/div>\n\t\t\t\t<\/div>\n\t\t","protected":false},"excerpt":{"rendered":"<p>Polityka prywatno\u015bci 1. og\u00f3lne informacje o przetwarzaniu danych Jurij Sch\u00f6nmeier udost\u0119pnia wy\u0142\u0105cznie domen\u0119 \u201egirofin.com\u201d i umo\u017cliwia innym prawnie niezale\u017cnym firmom oferowanie tam swoich produkt\u00f3w i us\u0142ug w spos\u00f3b prawnie niezale\u017cny. Nie ponosi jednak odpowiedzialno\u015bci za tre\u015b\u0107 i zakres tych us\u0142ug na odpowiednich podstronach lub subdomenach, ale raczej za wymienione tam prawnie niezale\u017cne firmy. Przetwarzamy dane [&hellip;]<\/p>\n","protected":false},"author":1,"featured_media":0,"parent":0,"menu_order":0,"comment_status":"closed","ping_status":"closed","template":"elementor_header_footer","meta":{"ocean_post_layout":"","ocean_both_sidebars_style":"","ocean_both_sidebars_content_width":0,"ocean_both_sidebars_sidebars_width":0,"ocean_sidebar":"","ocean_second_sidebar":"","ocean_disable_margins":"enable","ocean_add_body_class":"","ocean_shortcode_before_top_bar":"","ocean_shortcode_after_top_bar":"","ocean_shortcode_before_header":"","ocean_shortcode_after_header":"","ocean_has_shortcode":"","ocean_shortcode_after_title":"","ocean_shortcode_before_footer_widgets":"","ocean_shortcode_after_footer_widgets":"","ocean_shortcode_before_footer_bottom":"","ocean_shortcode_after_footer_bottom":"","ocean_display_top_bar":"off","ocean_display_header":"default","ocean_header_style":"","ocean_center_header_left_menu":"","ocean_custom_header_template":"","ocean_custom_logo":0,"ocean_custom_retina_logo":0,"ocean_custom_logo_max_width":0,"ocean_custom_logo_tablet_max_width":0,"ocean_custom_logo_mobile_max_width":0,"ocean_custom_logo_max_height":0,"ocean_custom_logo_tablet_max_height":0,"ocean_custom_logo_mobile_max_height":0,"ocean_header_custom_menu":"","ocean_menu_typo_font_family":"","ocean_menu_typo_font_subset":"","ocean_menu_typo_font_size":0,"ocean_menu_typo_font_size_tablet":0,"ocean_menu_typo_font_size_mobile":0,"ocean_menu_typo_font_size_unit":"px","ocean_menu_typo_font_weight":"","ocean_menu_typo_font_weight_tablet":"","ocean_menu_typo_font_weight_mobile":"","ocean_menu_typo_transform":"","ocean_menu_typo_transform_tablet":"","ocean_menu_typo_transform_mobile":"","ocean_menu_typo_line_height":0,"ocean_menu_typo_line_height_tablet":0,"ocean_menu_typo_line_height_mobile":0,"ocean_menu_typo_line_height_unit":"","ocean_menu_typo_spacing":0,"ocean_menu_typo_spacing_tablet":0,"ocean_menu_typo_spacing_mobile":0,"ocean_menu_typo_spacing_unit":"","ocean_menu_link_color":"","ocean_menu_link_color_hover":"","ocean_menu_link_color_active":"","ocean_menu_link_background":"","ocean_menu_link_hover_background":"","ocean_menu_link_active_background":"","ocean_menu_social_links_bg":"","ocean_menu_social_hover_links_bg":"","ocean_menu_social_links_color":"","ocean_menu_social_hover_links_color":"","ocean_disable_title":"on","ocean_disable_heading":"default","ocean_post_title":"","ocean_post_subheading":"","ocean_post_title_style":"","ocean_post_title_background_color":"","ocean_post_title_background":0,"ocean_post_title_bg_image_position":"","ocean_post_title_bg_image_attachment":"","ocean_post_title_bg_image_repeat":"","ocean_post_title_bg_image_size":"","ocean_post_title_height":0,"ocean_post_title_bg_overlay":0.5,"ocean_post_title_bg_overlay_color":"","ocean_disable_breadcrumbs":"off","ocean_breadcrumbs_color":"","ocean_breadcrumbs_separator_color":"","ocean_breadcrumbs_links_color":"","ocean_breadcrumbs_links_hover_color":"","ocean_display_footer_widgets":"off","ocean_display_footer_bottom":"off","ocean_custom_footer_template":"","footnotes":""},"class_list":["post-7243","page","type-page","status-publish","hentry","entry"],"_links":{"self":[{"href":"https:\/\/girofin.com\/pl\/wp-json\/wp\/v2\/pages\/7243","targetHints":{"allow":["GET"]}}],"collection":[{"href":"https:\/\/girofin.com\/pl\/wp-json\/wp\/v2\/pages"}],"about":[{"href":"https:\/\/girofin.com\/pl\/wp-json\/wp\/v2\/types\/page"}],"author":[{"embeddable":true,"href":"https:\/\/girofin.com\/pl\/wp-json\/wp\/v2\/users\/1"}],"replies":[{"embeddable":true,"href":"https:\/\/girofin.com\/pl\/wp-json\/wp\/v2\/comments?post=7243"}],"version-history":[{"count":2,"href":"https:\/\/girofin.com\/pl\/wp-json\/wp\/v2\/pages\/7243\/revisions"}],"predecessor-version":[{"id":7329,"href":"https:\/\/girofin.com\/pl\/wp-json\/wp\/v2\/pages\/7243\/revisions\/7329"}],"wp:attachment":[{"href":"https:\/\/girofin.com\/pl\/wp-json\/wp\/v2\/media?parent=7243"}],"curies":[{"name":"wp","href":"https:\/\/api.w.org\/{rel}","templated":true}]}}